{"id":45,"date":"2015-03-06T10:33:35","date_gmt":"2015-03-06T09:33:35","guid":{"rendered":"http:\/\/www.mgps.eu\/ceced\/?page_id=45"},"modified":"2026-03-13T18:23:12","modified_gmt":"2026-03-13T17:23:12","slug":"xxxiiieme-ceced-nantes-renseignements","status":"publish","type":"page","link":"https:\/\/ceced.fr\/?page_id=45","title":{"rendered":"43 \u00e8me CECED          NANTES                                                                          26-27 mars 2026"},"content":{"rendered":"\n<figure class=\"wp-block-image size-large\"><a href=\"https:\/\/ceced.fr\/wp-content\/uploads\/2025\/11\/CECED.jpg\"><img loading=\"lazy\" width=\"722\" height=\"1024\" src=\"https:\/\/ceced.fr\/wp-content\/uploads\/2025\/11\/CECED-722x1024.jpg\" alt=\"\" class=\"wp-image-691\" srcset=\"https:\/\/ceced.fr\/wp-content\/uploads\/2025\/11\/CECED-722x1024.jpg 722w, https:\/\/ceced.fr\/wp-content\/uploads\/2025\/11\/CECED-211x300.jpg 211w, https:\/\/ceced.fr\/wp-content\/uploads\/2025\/11\/CECED-768x1090.jpg 768w, https:\/\/ceced.fr\/wp-content\/uploads\/2025\/11\/CECED-1083x1536.jpg 1083w, https:\/\/ceced.fr\/wp-content\/uploads\/2025\/11\/CECED-1444x2048.jpg 1444w, https:\/\/ceced.fr\/wp-content\/uploads\/2025\/11\/CECED.jpg 1748w\" sizes=\"(max-width: 722px) 100vw, 722px\" \/><\/a><\/figure>\n\n\n\n<figure class=\"wp-block-image size-large\"><a href=\"https:\/\/ceced.fr\/wp-content\/uploads\/2026\/02\/Sponsors-CECED.png\"><img loading=\"lazy\" width=\"1024\" height=\"521\" src=\"https:\/\/ceced.fr\/wp-content\/uploads\/2026\/02\/Sponsors-CECED-1024x521.png\" alt=\"\" class=\"wp-image-716\" srcset=\"https:\/\/ceced.fr\/wp-content\/uploads\/2026\/02\/Sponsors-CECED-1024x521.png 1024w, https:\/\/ceced.fr\/wp-content\/uploads\/2026\/02\/Sponsors-CECED-300x153.png 300w, https:\/\/ceced.fr\/wp-content\/uploads\/2026\/02\/Sponsors-CECED-768x391.png 768w, https:\/\/ceced.fr\/wp-content\/uploads\/2026\/02\/Sponsors-CECED.png 1042w\" sizes=\"(max-width: 1024px) 100vw, 1024px\" \/><\/a><\/figure>\n\n\n\n<p>La Soci\u00e9t\u00e9 Fran\u00e7aise du Cancer  <a href=\"https:\/\/sfc.asso.fr\/\">https:\/\/sfc.asso.fr\/<\/a>. Sponsorise la 43\u00e8me \u00e9dition du CECED 2026. N&rsquo;h\u00e9sitez pas \u00e0 visiter leur site internet.<\/p>\n\n\n\n<p><\/p>\n\n\n\n<p><\/p>\n\n\n\n<p><\/p>\n\n\n\n<div class=\"wp-block-file\"><object class=\"wp-block-file__embed\" data=\"https:\/\/ceced.fr\/wp-content\/uploads\/2026\/03\/Programme-43e\u0300me-re\u0301union-du-CECED_vf.pdf\" type=\"application\/pdf\" style=\"width:100%;height:600px\" aria-label=\"Contenu embarqu\u00e9 Programme-43e\u0300me-re\u0301union-du-CECED_vf.\"><\/object><a href=\"https:\/\/ceced.fr\/wp-content\/uploads\/2026\/03\/Programme-43e\u0300me-re\u0301union-du-CECED_vf.pdf\">Programme-43e\u0300me-re\u0301union-du-CECED_vf<\/a><a href=\"https:\/\/ceced.fr\/wp-content\/uploads\/2026\/03\/Programme-43e\u0300me-re\u0301union-du-CECED_vf.pdf\" class=\"wp-block-file__button\" download>T\u00e9l\u00e9charger<\/a><\/div>\n\n\n\n<p>Ci dessus le programme actuel de notre r\u00e9union<\/p>\n\n\n\n<p><\/p>\n\n\n\n<p><\/p>\n\n\n\n<p><\/p>\n\n\n\n<p>Bulletin d&rsquo;inscription \u00e0 t\u00e9l\u00e9charger ici : en format word<\/p>\n\n\n\n<div class=\"wp-block-file\"><a href=\"https:\/\/ceced.fr\/wp-content\/uploads\/2025\/11\/Bulletin-dinscription-ceced2026.docx\">Bulletin-d&rsquo;inscription-ceced2026<\/a><a href=\"https:\/\/ceced.fr\/wp-content\/uploads\/2025\/11\/Bulletin-dinscription-ceced2026.docx\" class=\"wp-block-file__button\" download>T\u00e9l\u00e9charger<\/a><\/div>\n\n\n\n<p><\/p>\n\n\n\n<p><\/p>\n\n\n\n<p><\/p>\n\n\n\n<p>Vous pouvez le t\u00e9l\u00e9charger aussi en format pdf  (ci dessous)<\/p>\n\n\n\n<p><\/p>\n\n\n\n<div class=\"wp-block-file\"><object class=\"wp-block-file__embed\" data=\"https:\/\/ceced.fr\/wp-content\/uploads\/2025\/11\/Bulletin-dinscription-ceced2026-1.pdf\" type=\"application\/pdf\" style=\"width:100%;height:600px\" aria-label=\"Contenu embarqu\u00e9 Bulletin-d'inscription-ceced2026-1.\"><\/object><a href=\"https:\/\/ceced.fr\/?attachment_id=694\">Bulletin-d&rsquo;inscription-ceced2026-1<\/a><a href=\"https:\/\/ceced.fr\/wp-content\/uploads\/2025\/11\/Bulletin-dinscription-ceced2026-1.pdf\" class=\"wp-block-file__button\" download>T\u00e9l\u00e9charger<\/a><\/div>\n\n\n\n<p><\/p>\n","protected":false},"excerpt":{"rendered":"<p>La Soci\u00e9t\u00e9 Fran\u00e7aise du Cancer https:\/\/sfc.asso.fr\/. Sponsorise la 43\u00e8me \u00e9dition du CECED 2026. N&rsquo;h\u00e9sitez pas \u00e0 visiter leur site internet. Ci dessus le programme actuel de notre r\u00e9union Bulletin d&rsquo;inscription \u00e0 t\u00e9l\u00e9charger ici : en format word Vous pouvez le t\u00e9l\u00e9charger aussi en format pdf (ci dessous)<\/p>\n","protected":false},"author":3,"featured_media":0,"parent":0,"menu_order":1,"comment_status":"closed","ping_status":"closed","template":"","meta":[],"_links":{"self":[{"href":"https:\/\/ceced.fr\/index.php?rest_route=\/wp\/v2\/pages\/45"}],"collection":[{"href":"https:\/\/ceced.fr\/index.php?rest_route=\/wp\/v2\/pages"}],"about":[{"href":"https:\/\/ceced.fr\/index.php?rest_route=\/wp\/v2\/types\/page"}],"author":[{"embeddable":true,"href":"https:\/\/ceced.fr\/index.php?rest_route=\/wp\/v2\/users\/3"}],"replies":[{"embeddable":true,"href":"https:\/\/ceced.fr\/index.php?rest_route=%2Fwp%2Fv2%2Fcomments&post=45"}],"version-history":[{"count":132,"href":"https:\/\/ceced.fr\/index.php?rest_route=\/wp\/v2\/pages\/45\/revisions"}],"predecessor-version":[{"id":736,"href":"https:\/\/ceced.fr\/index.php?rest_route=\/wp\/v2\/pages\/45\/revisions\/736"}],"wp:attachment":[{"href":"https:\/\/ceced.fr\/index.php?rest_route=%2Fwp%2Fv2%2Fmedia&parent=45"}],"curies":[{"name":"wp","href":"https:\/\/api.w.org\/{rel}","templated":true}]}}