{"id":39,"date":"2015-02-19T19:24:36","date_gmt":"2015-02-19T18:24:36","guid":{"rendered":"http:\/\/www.mgps.eu\/ceced\/?page_id=39"},"modified":"2025-05-14T13:44:48","modified_gmt":"2025-05-14T12:44:48","slug":"reunions-passees","status":"publish","type":"page","link":"https:\/\/ceced.fr\/?page_id=39","title":{"rendered":"R\u00e9unions pass\u00e9es"},"content":{"rendered":"\n<figure class=\"wp-block-table\"><table><tbody><tr><td>#<\/td><td>Ann\u00e9e<\/td><td>Ville<\/td><td>Organisateur<\/td><\/tr><tr><td>42 \u00e8me<\/td><td>2025<\/td><td>Paris<\/td><td>C. Haumaitre \/ A. Couvineau<\/td><\/tr><tr><td>XLI\u00e8me<\/td><td>2024<\/td><td>Montpellier<\/td><td>J. Pannequin\/P.Blache<\/td><\/tr><tr><td>XL\u00e8me<\/td><td>2023<\/td><td>Strasbourg<\/td><td>I. Duluc<\/td><\/tr><tr><td>XXXIX\u00e8me<\/td><td>2022<\/td><td>Lyon<\/td><td>C.Roche<\/td><\/tr><tr><td>XXXVIII\u00e8me<\/td><td>2021<\/td><td>Paris<\/td><td>A.Couvineau<\/td><\/tr><tr><td>XXXVII\u00e8me<\/td><td>2019<\/td><td>Toulouse<\/td><td>A.Ferrand\/S.M\u00e9nard<\/td><\/tr><tr><td>XXXVI\u00e8me<\/td><td>2018<\/td><td>Marseille<\/td><td>A. Carrier\/F. Andr\u00e9<\/td><\/tr><tr><td>XXXV\u00e8me<\/td><td>2017<\/td><td>Paris<\/td><td>A. Couvineau\/F. Blachier<\/td><\/tr><tr><td>XXXIV\u00e8me<\/td><td>2016<\/td><td>Lille<\/td><td>I. van Seuningen\/M. Chamaillard<\/td><\/tr><tr><td>XXXIII\u00e8me<\/td><td>2015<\/td><td>Nantes<\/td><td>A. Jarry\/J.P. Segain<\/td><\/tr><tr><td>XXXII\u00e8me<\/td><td>2014<\/td><td>Paris<\/td><td>A. Couvineau<\/td><\/tr><tr><td>XXXI\u00e8me<\/td><td>2013<\/td><td>Montpellier<\/td><td>Ph. Jay<\/td><\/tr><tr><td>XXX\u00e8me<\/td><td>2012<\/td><td>Grenoble<\/td><td>M. Jacquier-Sarlin<\/td><\/tr><tr><td>XXIX\u00e8me<\/td><td>2011<\/td><td>Nice<\/td><td>A. Schmid-Alliana<\/td><\/tr><tr><td>XXVIII\u00e8me<\/td><td>2010<\/td><td>Paris<\/td><td>A. Couvineau<\/td><\/tr><tr><td>XXVII\u00e8me<\/td><td>2009<\/td><td>Strasbourg<\/td><td>M. Kedinger<\/td><\/tr><tr><td>XXVI\u00e8me<\/td><td>2008<\/td><td>Toulouse<\/td><td>A. Gassama<\/td><\/tr><tr><td>XXV\u00e8me<\/td><td>2007<\/td><td>Lyon<\/td><td>C. Roche<\/td><\/tr><tr><td>XXIV\u00e8me<\/td><td>2006<\/td><td>Marseille<\/td><td>J. Iovanna<\/td><\/tr><tr><td>XXIII\u00e8me<\/td><td>2005<\/td><td>Lille<\/td><td>M.P. Buisine<\/td><\/tr><tr><td>XXII\u00e8me<\/td><td>2004<\/td><td>Paris<\/td><td>M. Rousset<\/td><\/tr><tr><td>XXI\u00e8me<\/td><td>2003<\/td><td>Nantes<\/td><td>H. Blotti\u00e8re<\/td><\/tr><tr><td>XX\u00e8me<\/td><td>2002<\/td><td>Barcelone<\/td><td>F. Real<\/td><\/tr><tr><td>XIX\u00e8me<\/td><td>2001<\/td><td>Nimes<\/td><td>J.P. Bali<\/td><\/tr><tr><td>XVIII\u00e8me<\/td><td>2000<\/td><td>Paris<\/td><td>J. Bara<\/td><\/tr><tr><td>XVII\u00e8me<\/td><td>1999<\/td><td>Bruxelles<\/td><td>P. Robberecht<\/td><\/tr><tr><td>XVI\u00e8me<\/td><td>d\u00e9c-97<\/td><td>Strasbourg<\/td><td>P. Simon-Assman<\/td><\/tr><tr><td>XV\u00e8me<\/td><td>janv-97<\/td><td>Lyon<\/td><td>L. Remy<\/td><\/tr><tr><td>XIV\u00e8me<\/td><td>1995\/96<\/td><td>Toulouse<\/td><td>N. Vaysse<\/td><\/tr><tr><td>XIII\u00e8me<\/td><td>1994<\/td><td>Nice<\/td><td>J.L. Nano\/P. Rampal<\/td><\/tr><tr><td>XII\u00e8me<\/td><td>1993<\/td><td>Nantes<\/td><td>J. Le Pendu<\/td><\/tr><tr><td>XI\u00e8me<\/td><td>1992<\/td><td>Dijon<\/td><td>J.F. Jeannin<\/td><\/tr><tr><td>X\u00e8me<\/td><td>1991<\/td><td>Marseille<\/td><td>J. Marvaldi<\/td><\/tr><tr><td>IX\u00e8me<\/td><td>1990<\/td><td>Montpellier<\/td><td>D. Bataille<\/td><\/tr><tr><td>VIII\u00e8me<\/td><td>1989<\/td><td>Strasbourg<\/td><td>K. Haffen<\/td><\/tr><tr><td>VII\u00e8me<\/td><td>1988<\/td><td>Lons<\/td><td>Pansu<\/td><\/tr><tr><td>VI\u00e8me<\/td><td>1987<\/td><td>Villejuif<\/td><td>A. Zweibaum<\/td><\/tr><tr><td>V\u00e8me<\/td><td>1986<\/td><td>Toulouse<\/td><td>F. Clemente<\/td><\/tr><tr><td>IV\u00e8me<\/td><td>1984<\/td><td>Dijon<\/td><td>F. Martin<\/td><\/tr><tr><td>III\u00e8me<\/td><td>1983<\/td><td>Strasbourg<\/td><td>K. Haffen<\/td><\/tr><tr><td>II\u00e8me<\/td><td>1982<\/td><td>Marseille<\/td><td>G. Marchis-Mouren<\/td><\/tr><tr><td>Ier<\/td><td>1981<\/td><td>Paris<\/td><td>J. Jos<\/td><\/tr><\/tbody><\/table><\/figure>\n","protected":false},"excerpt":{"rendered":"<p># Ann\u00e9e Ville Organisateur 42 \u00e8me 2025 Paris C. Haumaitre \/ A. Couvineau XLI\u00e8me 2024 Montpellier J. Pannequin\/P.Blache XL\u00e8me 2023 Strasbourg I. Duluc XXXIX\u00e8me 2022 Lyon C.Roche XXXVIII\u00e8me 2021 Paris A.Couvineau XXXVII\u00e8me 2019 Toulouse A.Ferrand\/S.M\u00e9nard XXXVI\u00e8me 2018 Marseille A. Carrier\/F. Andr\u00e9 XXXV\u00e8me 2017 Paris A. Couvineau\/F. Blachier XXXIV\u00e8me 2016 Lille I. van Seuningen\/M. Chamaillard XXXIII\u00e8me [&hellip;]<\/p>\n","protected":false},"author":3,"featured_media":0,"parent":0,"menu_order":0,"comment_status":"closed","ping_status":"open","template":"","meta":[],"_links":{"self":[{"href":"https:\/\/ceced.fr\/index.php?rest_route=\/wp\/v2\/pages\/39"}],"collection":[{"href":"https:\/\/ceced.fr\/index.php?rest_route=\/wp\/v2\/pages"}],"about":[{"href":"https:\/\/ceced.fr\/index.php?rest_route=\/wp\/v2\/types\/page"}],"author":[{"embeddable":true,"href":"https:\/\/ceced.fr\/index.php?rest_route=\/wp\/v2\/users\/3"}],"replies":[{"embeddable":true,"href":"https:\/\/ceced.fr\/index.php?rest_route=%2Fwp%2Fv2%2Fcomments&post=39"}],"version-history":[{"count":15,"href":"https:\/\/ceced.fr\/index.php?rest_route=\/wp\/v2\/pages\/39\/revisions"}],"predecessor-version":[{"id":659,"href":"https:\/\/ceced.fr\/index.php?rest_route=\/wp\/v2\/pages\/39\/revisions\/659"}],"wp:attachment":[{"href":"https:\/\/ceced.fr\/index.php?rest_route=%2Fwp%2Fv2%2Fmedia&parent=39"}],"curies":[{"name":"wp","href":"https:\/\/api.w.org\/{rel}","templated":true}]}}