{"id":2,"date":"2014-11-04T16:55:22","date_gmt":"2014-11-04T15:55:22","guid":{"rendered":"http:\/\/138.102.164.14\/?page_id=2"},"modified":"2015-02-19T15:32:28","modified_gmt":"2015-02-19T14:32:28","slug":"page-d-exemple","status":"publish","type":"page","link":"https:\/\/ceced.fr\/?page_id=2","title":{"rendered":"Club d&rsquo;Etudes des Cellules Epitheliales Digestives"},"content":{"rendered":"<blockquote>\n<p style=\"text-align: justify;\">Le CECED est une association (loi 1901) qui a comme objectif de promouvoir les \u00e9changes scientifiques entre chercheurs travaillant dans le domaine des cellules \u00e9pith\u00e9liales digestives<\/p>\n<\/blockquote>\n<p style=\"text-align: justify;\">Le Club est ouvert \u00e0 toutes les personnes interess\u00e9es ayant pay\u00e9 un droit d&rsquo;inscription. Le CECED est administr\u00e9 par un conseil d&rsquo;administration, comportant un pr\u00e9sident, un vice-Pr\u00e9sident, un secr\u00e9taire et un tr\u00e9sorier, et 6 membres. Les membres du conseil sont \u00e9lus pour 3 ans ; les membres sortants sont r\u00e9\u00e9ligibles une fois.<\/p>\n<blockquote>\n<p style=\"text-align: justify;\">Le CECED tient au moins une r\u00e9union scientifique annuelle au cours de laquelle des communications scientifiques sont pr\u00e9sent\u00e9es et discut\u00e9es par les membres et invit\u00e9s. Les travaux originaux les plus r\u00e9cents sur la physiologie des cellules \u00e9pith\u00e9liales normales ou pathologiques d&rsquo;origine digestive sont consid\u00e9r\u00e9s pour communication. Le programme en est \u00e9tabli par l&rsquo;organisateur en collaboration avec le conseil. Le Club privil\u00e9gie les travaux des jeunes chercheurs et peut proposer des prix de communications.<\/p>\n<\/blockquote>\n<p style=\"text-align: justify;\"><strong>Assembl\u00e9e g\u00e9n\u00e9rale<\/strong> : L&rsquo;assembl\u00e9e g\u00e9n\u00e9rale des membres du CECED se r\u00e9unit une fois par an. Elle se tient en g\u00e9n\u00e9ral \u00e0 la fin du colloque scientifique annuel. Le pr\u00e9sident expose la situation morale du CECED et fait part des projets approuv\u00e9s par le conseil.<\/p>\n","protected":false},"excerpt":{"rendered":"<p>Le CECED est une association (loi 1901) qui a comme objectif de promouvoir les \u00e9changes scientifiques entre chercheurs travaillant dans le domaine des cellules \u00e9pith\u00e9liales digestives Le Club est ouvert \u00e0 toutes les personnes interess\u00e9es ayant pay\u00e9 un droit d&rsquo;inscription. Le CECED est administr\u00e9 par un conseil d&rsquo;administration, comportant un pr\u00e9sident, un vice-Pr\u00e9sident, un secr\u00e9taire [&hellip;]<\/p>\n","protected":false},"author":2,"featured_media":0,"parent":0,"menu_order":0,"comment_status":"closed","ping_status":"closed","template":"","meta":[],"_links":{"self":[{"href":"https:\/\/ceced.fr\/index.php?rest_route=\/wp\/v2\/pages\/2"}],"collection":[{"href":"https:\/\/ceced.fr\/index.php?rest_route=\/wp\/v2\/pages"}],"about":[{"href":"https:\/\/ceced.fr\/index.php?rest_route=\/wp\/v2\/types\/page"}],"author":[{"embeddable":true,"href":"https:\/\/ceced.fr\/index.php?rest_route=\/wp\/v2\/users\/2"}],"replies":[{"embeddable":true,"href":"https:\/\/ceced.fr\/index.php?rest_route=%2Fwp%2Fv2%2Fcomments&post=2"}],"version-history":[{"count":4,"href":"https:\/\/ceced.fr\/index.php?rest_route=\/wp\/v2\/pages\/2\/revisions"}],"predecessor-version":[{"id":38,"href":"https:\/\/ceced.fr\/index.php?rest_route=\/wp\/v2\/pages\/2\/revisions\/38"}],"wp:attachment":[{"href":"https:\/\/ceced.fr\/index.php?rest_route=%2Fwp%2Fv2%2Fmedia&parent=2"}],"curies":[{"name":"wp","href":"https:\/\/api.w.org\/{rel}","templated":true}]}}