{"id":148,"date":"2018-04-03T17:06:00","date_gmt":"2018-04-03T16:06:00","guid":{"rendered":"http:\/\/www.mgps.eu\/ceced\/?page_id=148"},"modified":"2026-03-30T14:17:03","modified_gmt":"2026-03-30T13:17:03","slug":"prix-claude-roze","status":"publish","type":"page","link":"https:\/\/ceced.fr\/?page_id=148","title":{"rendered":"Prix Claude Roz\u00e9"},"content":{"rendered":"\n<p>Comme chaque ann\u00e9e, le prochain CECED&nbsp;&nbsp;le 26&nbsp;et 27 Mars \u00e0 Nantes, s&rsquo;accompagne du&nbsp;traditionnel&nbsp;appel \u00e0 candidature pour&nbsp;<strong>Prix &nbsp;Claude&nbsp;Roz\u00e9&nbsp;(2000\u20ac)<\/strong>&nbsp;pour un \u00e9tudiant en fin de th\u00e8se pour la&nbsp;<strong>recherche d\u2019un stage post-doctoral.<\/strong><\/p>\n\n\n\n<p>Merci de faire circuler l&rsquo;information aupr\u00e8s de vos doctorants en fin de th\u00e8se.<\/p>\n\n\n\n<p><strong>Crit\u00e8res&nbsp;:<\/strong>Ce prix est destin\u00e9 aux doctorants en fin de th\u00e8se dans une \u00e9quipe active du CECED et qui souhaitent compl\u00e9ter leur formation par un stage post-doctoral (mobilit\u00e9 requise)<\/p>\n\n\n\n<p><strong>Constitution du dossier&nbsp;:<\/strong>&#8211; un curriculum vitae complet du candidat pr\u00e9cisant les publications et les participations aux congr\u00e8s, notamment&nbsp;les participations au CECED<br>&#8211; un r\u00e9sum\u00e9 des travaux de th\u00e8se (3 pages maximum) pr\u00e9cisant&nbsp;la date de soutenance<br>&#8211; une lettre de motivation du candidat pr\u00e9cisant le (ou les) laboratoire pressenti pour le stage post-doctoral et le d\u00e9roulement de carri\u00e8re envisag\u00e9.<br>&#8211; une lettre de soutien du directeur de th\u00e8se&nbsp;<\/p>\n\n\n\n<p><strong>Evaluation&nbsp;:<\/strong><br>Les dossiers seront \u00e9valu\u00e9s par un comit\u00e9 de s\u00e9lection compos\u00e9 de membres statutaires actifs du CECED.L\u2019appartenance du (de la) candidat (e) \u00e0 une \u00e9quipe participant pleinement au CECED sera prise en compte.&nbsp;<\/p>\n\n\n\n<p><strong>Date limite de retour des dossiers&nbsp;:31 janvier&nbsp;2026<\/strong><\/p>\n\n\n\n<p><br><strong>R\u00e9sultats&nbsp;:<\/strong>&nbsp;d\u00e9but mars 2026<\/p>\n\n\n\n<p>Le prix sera remis au cours de la prochaine r\u00e9union du CECED.<\/p>\n\n\n\n<p>Le (la) laur\u00e9at(e) s&rsquo;engage \u00e0 \u00eatre pr\u00e9sent \u00e0 la remise du prix et pr\u00e9sentera son travail et son projet sous forme d&rsquo;une communication orale courte.&nbsp;<\/p>\n\n\n\n<p><strong>Engagement :<\/strong>Le (la) laur\u00e9at(e) s&rsquo;engage \u00e0 remercier le \u00ab\u00a0Prix&nbsp;Claude&nbsp;Roz\u00e9\/CECED\u00a0\u00bb lors de sa premi\u00e8re publication post-th\u00e8se&nbsp;<\/p>\n\n\n\n<p><strong>Contact et envoi des dossiers<\/strong>&nbsp;:<\/p>\n\n\n\n<p>Nicolas Jonckheere,&nbsp;<a rel=\"noreferrer noopener\" href=\"mailto:ama.gassama@inserm.fr\" target=\"_blank\">nicolas.jonckheere@inserm.fr<\/a><\/p>\n\n\n\n<h2>&nbsp;<\/h2>\n\n\n\n<h2><span style=\"color: #000080;\"><strong>Claude Roz\u00e9<\/strong><\/span><a href=\"http:\/\/www.mgps.eu\/ceced\/wp-content\/uploads\/2018\/04\/CR02.jpg\"><br><\/a><\/h2>\n\n\n\n<figure class=\"wp-block-image\"><a href=\"http:\/\/www.mgps.eu\/ceced\/wp-content\/uploads\/2018\/04\/CR02.jpg\"><img loading=\"lazy\" width=\"300\" height=\"219\" src=\"http:\/\/www.mgps.eu\/ceced\/wp-content\/uploads\/2018\/04\/CR02-300x219.jpg\" alt=\"CR02\" class=\"wp-image-159\" srcset=\"https:\/\/ceced.fr\/wp-content\/uploads\/2018\/04\/CR02-300x219.jpg 300w, https:\/\/ceced.fr\/wp-content\/uploads\/2018\/04\/CR02-1024x750.jpg 1024w, https:\/\/ceced.fr\/wp-content\/uploads\/2018\/04\/CR02.jpg 2008w\" sizes=\"(max-width: 300px) 100vw, 300px\" \/><\/a><\/figure>\n\n\n\n<figure class=\"wp-block-image\"><a href=\"http:\/\/www.mgps.eu\/ceced\/wp-content\/uploads\/2018\/04\/CR01.jpg\"><img loading=\"lazy\" width=\"216\" height=\"300\" src=\"http:\/\/www.mgps.eu\/ceced\/wp-content\/uploads\/2018\/04\/CR01-216x300.jpg\" alt=\"CR01\" class=\"wp-image-160\" srcset=\"https:\/\/ceced.fr\/wp-content\/uploads\/2018\/04\/CR01-216x300.jpg 216w, https:\/\/ceced.fr\/wp-content\/uploads\/2018\/04\/CR01-740x1024.jpg 740w, https:\/\/ceced.fr\/wp-content\/uploads\/2018\/04\/CR01.jpg 1984w\" sizes=\"(max-width: 216px) 100vw, 216px\" \/><\/a><\/figure>\n\n\n\n<p>En 2007, lors de la 25<sup>\u00e8me<\/sup> r\u00e9union du CECED \u00e0 Lyon, le conseil d\u2019administration d\u00e9cide la cr\u00e9ation d\u2019un prix de fin de th\u00e8se, destin\u00e9 \u00e0 faciliter la recherche d\u2019un stage post-doctoral. En hommage \u00e0 notre coll\u00e8gue Claude Roz\u00e9 r\u00e9cemment d\u00e9c\u00e9d\u00e9, ce prix re\u00e7oit son nom.<\/p>\n\n\n\n<h2><span style=\"color: #000080;\"><strong>Les laur\u00e9ats du prix Claude Roz\u00e9<\/strong> :<\/span><\/h2>\n\n\n\n<p><\/p>\n\n\n\n<figure class=\"wp-block-table is-style-stripes\"><table><tbody><tr><td>Ann\u00e9e<\/td><td class=\"has-text-align-center\" data-align=\"center\">Nombre de candidatures<\/td><td>Laur\u00e9at(e)<\/td><td>Labo d\u2019origine<\/td><\/tr><tr><td>2026<\/td><td class=\"has-text-align-center\" data-align=\"center\">5<\/td><td>Mathieu Reslinger<\/td><td>IGBMC, Illkirch<\/td><\/tr><tr><td>2025<\/td><td class=\"has-text-align-center\" data-align=\"center\"><\/td><td>Julie Bas<\/td><td>IGF Montpellier<\/td><\/tr><tr><td>2024<\/td><td class=\"has-text-align-center\" data-align=\"center\">3<\/td><td>Brune de Dreuille<\/td><td>CRI Paris<\/td><\/tr><tr><td>2023<\/td><td class=\"has-text-align-center\" data-align=\"center\">4<\/td><td>Zeinab Homayed<\/td><td>IGF Montpellier<\/td><\/tr><tr><td>2022<\/td><td class=\"has-text-align-center\" data-align=\"center\">1<\/td><td>Alexia Brunel<\/td><td>CRCT Toulouse<\/td><\/tr><tr><td>2021<\/td><td class=\"has-text-align-center\" data-align=\"center\">2<\/td><td>Hanna Ilchmann-Diounou<\/td><td>Toxalim UMR 1331 INRAE Toulouse<\/td><\/tr><tr><td>2020<\/td><td class=\"has-text-align-center\" data-align=\"center\">5<\/td><td>Aur\u00e9lie Dobric<\/td><td>CRCM Marseille<\/td><\/tr><tr><td>2019<\/td><td class=\"has-text-align-center\" data-align=\"center\">2<\/td><td>Garance Coquant<\/td><td>UMR_S938 INSERM Paris St Antoine<\/td><\/tr><tr><td>2018<\/td><td class=\"has-text-align-center\" data-align=\"center\">6<\/td><td>Emmanuelle Sidot<\/td><td>IGF Montpellier<\/td><\/tr><tr><td>2017<\/td><td class=\"has-text-align-center\" data-align=\"center\">4<\/td><td>Camille Balbinot<\/td><td>U1113 Strasbourg<\/td><\/tr><tr><td>2016<\/td><td class=\"has-text-align-center\" data-align=\"center\">6<\/td><td>Jean Baptiste Cavin<\/td><td>U1149-CRI Paris<\/td><\/tr><tr><td>2015<\/td><td class=\"has-text-align-center\" data-align=\"center\">4<\/td><td>Romain Baer<\/td><td>U1037 CRCT Toulouse<\/td><\/tr><tr><td>2014<\/td><td class=\"has-text-align-center\" data-align=\"center\">5<\/td><td>Julien Bollard<\/td><td>U1052 CRCL Lyon<\/td><\/tr><tr><td>2013<\/td><td class=\"has-text-align-center\" data-align=\"center\">8<\/td><td>Jean Paul Motta<\/td><td>U1043-CPTP Toulouse<\/td><\/tr><tr><td>2012<\/td><td class=\"has-text-align-center\" data-align=\"center\">3<\/td><td>Isabelle Olivier<\/td><td>INRA-TOXALIM Toulouse<\/td><\/tr><tr><td>2011<\/td><td class=\"has-text-align-center\" data-align=\"center\">4<\/td><td>Christophe Couderc<\/td><td>U1052 CRCL Lyon<\/td><\/tr><tr><td>2010 (2 prix)<\/td><td class=\"has-text-align-center\" data-align=\"center\">3<\/td><td>1<sup>er&nbsp;<\/sup>: Alexandra Canonici &nbsp; 2<sup>\u00e8me<\/sup> ex-aequo&nbsp;: Am\u00e9lie Rezza et Anne Laure Cattin<\/td><td>UMR911-CRO2 Marseille &nbsp; IGFL-ENS Lyon UPMC-Cordeliers Paris<\/td><\/tr><tr><td>2009<\/td><td class=\"has-text-align-center\" data-align=\"center\">4<\/td><td>Harry Sokol<\/td><td>INRA-UEPSD Jouy en Josas<\/td><\/tr><tr><td>2008<\/td><td class=\"has-text-align-center\" data-align=\"center\">1<\/td><td>Prix non attribu\u00e9<\/td><td>&nbsp;<\/td><\/tr><\/tbody><\/table><\/figure>\n","protected":false},"excerpt":{"rendered":"<p>Comme chaque ann\u00e9e, le prochain CECED&nbsp;&nbsp;le 26&nbsp;et 27 Mars \u00e0 Nantes, s&rsquo;accompagne du&nbsp;traditionnel&nbsp;appel \u00e0 candidature pour&nbsp;Prix &nbsp;Claude&nbsp;Roz\u00e9&nbsp;(2000\u20ac)&nbsp;pour un \u00e9tudiant en fin de th\u00e8se pour la&nbsp;recherche d\u2019un stage post-doctoral. Merci de faire circuler l&rsquo;information aupr\u00e8s de vos doctorants en fin de th\u00e8se. Crit\u00e8res&nbsp;:Ce prix est destin\u00e9 aux doctorants en fin de th\u00e8se dans une \u00e9quipe active [&hellip;]<\/p>\n","protected":false},"author":3,"featured_media":0,"parent":0,"menu_order":0,"comment_status":"closed","ping_status":"open","template":"","meta":[],"_links":{"self":[{"href":"https:\/\/ceced.fr\/index.php?rest_route=\/wp\/v2\/pages\/148"}],"collection":[{"href":"https:\/\/ceced.fr\/index.php?rest_route=\/wp\/v2\/pages"}],"about":[{"href":"https:\/\/ceced.fr\/index.php?rest_route=\/wp\/v2\/types\/page"}],"author":[{"embeddable":true,"href":"https:\/\/ceced.fr\/index.php?rest_route=\/wp\/v2\/users\/3"}],"replies":[{"embeddable":true,"href":"https:\/\/ceced.fr\/index.php?rest_route=%2Fwp%2Fv2%2Fcomments&post=148"}],"version-history":[{"count":17,"href":"https:\/\/ceced.fr\/index.php?rest_route=\/wp\/v2\/pages\/148\/revisions"}],"predecessor-version":[{"id":742,"href":"https:\/\/ceced.fr\/index.php?rest_route=\/wp\/v2\/pages\/148\/revisions\/742"}],"wp:attachment":[{"href":"https:\/\/ceced.fr\/index.php?rest_route=%2Fwp%2Fv2%2Fmedia&parent=148"}],"curies":[{"name":"wp","href":"https:\/\/api.w.org\/{rel}","templated":true}]}}