{"id":624,"date":"2024-09-03T16:42:43","date_gmt":"2024-09-03T15:42:43","guid":{"rendered":"https:\/\/ceced.fr\/?page_id=624"},"modified":"2026-03-13T18:24:51","modified_gmt":"2026-03-13T17:24:51","slug":"prix-michele-kedinger","status":"publish","type":"page","link":"http:\/\/ceced.fr\/?page_id=624","title":{"rendered":"Prix Mich\u00e8le Kedinger"},"content":{"rendered":"\n<p><strong>Un nouveau prix financ\u00e9 par le CECED \u00e0 destination des jeunes chercheur(e)s<\/strong><\/p>\n\n\n\n<p><\/p>\n\n\n\n<p>Le Prix Mich\u00e8le Kedinger a pour objectif de financer le d\u00e9placement d\u2019un(e) jeune chercheur(e) dans un congr\u00e8s international afin de nouer des contacts avec des scientifiques dans le cadre de son projet de recherche. L\u2019appel \u00e0 participation a lieu 2 fois par an&nbsp;:<\/p>\n\n\n\n<ul><li>S1&nbsp;: 1<sup>er<\/sup> semestre (diffusion en mars) pour participer \u00e0 un congr\u00e8s dans le courant du second semestre de l\u2019ann\u00e9e en cours<\/li><li>S2&nbsp;: 2<sup>\u00e8me<\/sup> semestre (diffusion en octobre) pour participer \u00e0 un congr\u00e8s au premier semestre de l\u2019ann\u00e9e suivante<\/li><\/ul>\n\n\n\n<p>Montant&nbsp;: prise en charge \u00e0 hauteur de 500\u20ac maximum (sur pr\u00e9sentation d\u2019\u00e9tats de frais\/inscription).<\/p>\n\n\n\n<p>Crit\u00e8res : ce prix est destin\u00e9 aux jeunes chercheur(e)s en fin de th\u00e8se ou chercheurs post-doctorants non statutaires membres d\u2019une \u00e9quipe active du CECED et qui ont pr\u00e9sent\u00e9 leurs travaux lors d\u2019un pr\u00e9c\u00e9dent CECED. Les crit\u00e8res \u00e9valu\u00e9s par le bureau sont les suivants&nbsp;:<\/p>\n\n\n\n<ul><li>Participation active au CECED du candidat et de son \u00e9quipe<\/li><li>Qualit\u00e9 de la lettre de candidature<\/li><li>Ann\u00e9e de th\u00e8se (les 3 et 4<sup>\u00e8mes<\/sup> ann\u00e9es sont prioris\u00e9es)<\/li><li>Selon le nombre de candidatures, un dossier de doctorant.e sera privil\u00e9gi\u00e9 par rapport \u00e0 celui de post-doctorant.e<\/li><\/ul>\n\n\n\n<p>Constitution de la demande :<\/p>\n\n\n\n<p>&#8211; R\u00e9c\u00e9piss\u00e9 de soumission d\u2019un r\u00e9sum\u00e9 pour pr\u00e9senter une communication orale ou un poster \u00e0 un congr\u00e8s international tel que&nbsp;: DDW, UEGW, AACR, EACR, FEBS\u2026 (liste non exhaustive). Si l\u2019appel \u00e0 communication n\u2019a pas encore eu lieu, le candidat s\u2019engage \u00e0 soumettre son r\u00e9sum\u00e9 le moment venu. Le sujet de l\u2019abstract peut \u00eatre diff\u00e9rent du travail pr\u00e9sent\u00e9 lors du CECED.<\/p>\n\n\n\n<p>&#8211; Une lettre de motivation du candidat pr\u00e9cisant le congr\u00e8s envisag\u00e9 ainsi que la participation au CECED. Des \u00e9l\u00e9ments sur le projet en cours et les perspectives d\u2019avenir sont bienvenus.<\/p>\n\n\n\n<p>Dates limites de retour des demandes&nbsp;:<\/p>\n\n\n\n<ul><li>pour l\u2019appel S1 : <strong>6 juillet 2026<\/strong><\/li><li>pour l\u2019appel S2<strong>&nbsp;: 6 janvier 2027<\/strong><\/li><\/ul>\n\n\n\n<p>Contact et envoi des demandes : Gwenola Le Dr\u00e9an<\/p>\n\n\n\n<p>&nbsp;&nbsp; @mail&nbsp;: &nbsp;<a href=\"mailto:gwenola.ledrean@univ-nantes.fr\">gwenola.ledrean@univ-nantes.fr<\/a><\/p>\n\n\n\n<p>&nbsp;&nbsp; T\u00e9l&nbsp;: 02 44 76 80 76<\/p>\n\n\n\n<p><strong>A NOTER<\/strong>&nbsp;: le CECED ne peut pas verser de financement \u00e0 une unit\u00e9 de recherche. Il s\u2019agit d\u2019un prix qui sera remis au candidat. Le financement des congr\u00e8s \u00e9tant g\u00e9n\u00e9ralement pris en charge par les unit\u00e9s, ce prix pourra permettre de rembourser une avance des frais faite par le\/la candidat.e.<\/p>\n\n\n\n<p><\/p>\n\n\n\n<p><\/p>\n\n\n\n<p class=\"has-medium-font-size\"><strong>Les laur\u00e9at.e.s pr\u00e9c\u00e9dent.e.s du prix Mich\u00e8le Kedinger<\/strong><\/p>\n\n\n\n<figure class=\"wp-block-table\"><table><tbody><tr><td><strong>N\u00b0 Appel<\/strong><\/td><td><strong>Laur\u00e9at.e.s<\/strong><\/td><td><strong>Unit\u00e9<\/strong><\/td><td><strong>Congr\u00e8s<\/strong><\/td><\/tr><tr><td>S2 2024<\/td><td>Tristan Girgin<\/td><td>Oncolille<\/td><td>AACR 04-2025 Chicago<\/td><\/tr><tr><td>S1 2025<\/td><td>Camille Guyon<\/td><td>CRCT Toulouse<\/td><td>EACR 06-2025 Lisbonne<\/td><\/tr><tr><td>S2 2025<\/td><td>Laura Jentschel <br>Arthur Mauduit<\/td><td>IGF Montpellier <br>IRSD Toulouse<\/td><td>EACR 03-2026 Budapest <br>DDW 05-2026 Chicago<\/td><\/tr><\/tbody><\/table><\/figure>\n\n\n\n<p><\/p>\n","protected":false},"excerpt":{"rendered":"<p>Un nouveau prix financ\u00e9 par le CECED \u00e0 destination des jeunes chercheur(e)s Le Prix Mich\u00e8le Kedinger a pour objectif de financer le d\u00e9placement d\u2019un(e) jeune chercheur(e) dans un congr\u00e8s international afin de nouer des contacts avec des scientifiques dans le cadre de son projet de recherche. L\u2019appel \u00e0 participation a lieu 2 fois par an&nbsp;: [&hellip;]<\/p>\n","protected":false},"author":3,"featured_media":0,"parent":0,"menu_order":0,"comment_status":"closed","ping_status":"closed","template":"","meta":[],"_links":{"self":[{"href":"http:\/\/ceced.fr\/index.php?rest_route=\/wp\/v2\/pages\/624"}],"collection":[{"href":"http:\/\/ceced.fr\/index.php?rest_route=\/wp\/v2\/pages"}],"about":[{"href":"http:\/\/ceced.fr\/index.php?rest_route=\/wp\/v2\/types\/page"}],"author":[{"embeddable":true,"href":"http:\/\/ceced.fr\/index.php?rest_route=\/wp\/v2\/users\/3"}],"replies":[{"embeddable":true,"href":"http:\/\/ceced.fr\/index.php?rest_route=%2Fwp%2Fv2%2Fcomments&post=624"}],"version-history":[{"count":6,"href":"http:\/\/ceced.fr\/index.php?rest_route=\/wp\/v2\/pages\/624\/revisions"}],"predecessor-version":[{"id":737,"href":"http:\/\/ceced.fr\/index.php?rest_route=\/wp\/v2\/pages\/624\/revisions\/737"}],"wp:attachment":[{"href":"http:\/\/ceced.fr\/index.php?rest_route=%2Fwp%2Fv2%2Fmedia&parent=624"}],"curies":[{"name":"wp","href":"https:\/\/api.w.org\/{rel}","templated":true}]}}