{"id":36,"date":"2015-02-19T15:31:47","date_gmt":"2015-02-19T14:31:47","guid":{"rendered":"http:\/\/www.mgps.eu\/ceced\/?page_id=36"},"modified":"2025-11-12T13:31:08","modified_gmt":"2025-11-12T12:31:08","slug":"conseil-dadministration","status":"publish","type":"page","link":"http:\/\/ceced.fr\/?page_id=36","title":{"rendered":"Conseil d&rsquo;administration"},"content":{"rendered":"<h5><strong>Membres de notre Conseil d&rsquo;Administration<\/strong><\/h5>\n<p><em>Pr\u00e9sident<\/em> : Nicolas JONCKHEERE (Lille)<\/p>\n<p><em>Vice-Pr\u00e9sidente<\/em> : C\u00e9cile HAUMAITRE (Paris)<\/p>\n<p><em>Secr\u00e9taire<\/em> : Philippe BLACHE (Montpellier)<\/p>\n<p><em>Tr\u00e9sori\u00e8re<\/em> : Isabelle DULUC (Strasbourg)<\/p>\n<p><em>Membres<\/em> :<\/p>\n<p>Alice CARRIER (Marseille)<\/p>\n<p>Fr\u00e9d\u00e9rick BARREAU (Toulouse)<\/p>\n<p>Gwenola\u00a0 LE DREAN (Nantes)<\/p>\n<p>Benjamin GIBERT (Lyon)<\/p>\n<p>Nathalie COUTRY (Montpellier)<\/p>\n\n\n<p><\/p>\n","protected":false},"excerpt":{"rendered":"<p>Membres de notre Conseil d&rsquo;Administration Pr\u00e9sident : Nicolas JONCKHEERE (Lille) Vice-Pr\u00e9sidente : C\u00e9cile HAUMAITRE (Paris) Secr\u00e9taire : Philippe BLACHE (Montpellier) Tr\u00e9sori\u00e8re : Isabelle DULUC (Strasbourg) Membres : Alice CARRIER (Marseille) Fr\u00e9d\u00e9rick BARREAU (Toulouse) Gwenola\u00a0 LE DREAN (Nantes) Benjamin GIBERT (Lyon) Nathalie COUTRY (Montpellier)<\/p>\n","protected":false},"author":3,"featured_media":0,"parent":0,"menu_order":0,"comment_status":"closed","ping_status":"open","template":"","meta":[],"_links":{"self":[{"href":"http:\/\/ceced.fr\/index.php?rest_route=\/wp\/v2\/pages\/36"}],"collection":[{"href":"http:\/\/ceced.fr\/index.php?rest_route=\/wp\/v2\/pages"}],"about":[{"href":"http:\/\/ceced.fr\/index.php?rest_route=\/wp\/v2\/types\/page"}],"author":[{"embeddable":true,"href":"http:\/\/ceced.fr\/index.php?rest_route=\/wp\/v2\/users\/3"}],"replies":[{"embeddable":true,"href":"http:\/\/ceced.fr\/index.php?rest_route=%2Fwp%2Fv2%2Fcomments&post=36"}],"version-history":[{"count":11,"href":"http:\/\/ceced.fr\/index.php?rest_route=\/wp\/v2\/pages\/36\/revisions"}],"predecessor-version":[{"id":684,"href":"http:\/\/ceced.fr\/index.php?rest_route=\/wp\/v2\/pages\/36\/revisions\/684"}],"wp:attachment":[{"href":"http:\/\/ceced.fr\/index.php?rest_route=%2Fwp%2Fv2%2Fmedia&parent=36"}],"curies":[{"name":"wp","href":"https:\/\/api.w.org\/{rel}","templated":true}]}}