{"id":199,"date":"2019-03-27T11:18:32","date_gmt":"2019-03-27T10:18:32","guid":{"rendered":"http:\/\/www.mgps.eu\/ceced\/?page_id=199"},"modified":"2026-03-30T14:08:14","modified_gmt":"2026-03-30T13:08:14","slug":"assemblee-generale-2019","status":"publish","type":"page","link":"http:\/\/ceced.fr\/?page_id=199","title":{"rendered":"Organisation des prochains CECED"},"content":{"rendered":"<p>Les prochains congr\u00e8s du CECED se d\u00e9rouleront\u00a0:<\/p>\n<p>2027 : Marseille (Alice Carrier et Fr\u00e9d\u00e9ric Andr\u00e9)<\/p>\n<p>2028: Lille (Nicolas Jonckheere)<\/p>\n<p>2029 : Paris (pendant les JFHOD)<\/p>\n<p>\u00a0<\/p>\n\n\n<p><\/p>\n","protected":false},"excerpt":{"rendered":"<p>Les prochains congr\u00e8s du CECED se d\u00e9rouleront\u00a0: 2027 : Marseille (Alice Carrier et Fr\u00e9d\u00e9ric Andr\u00e9) 2028: Lille (Nicolas Jonckheere) 2029 : Paris (pendant les JFHOD) \u00a0<\/p>\n","protected":false},"author":3,"featured_media":0,"parent":0,"menu_order":0,"comment_status":"closed","ping_status":"closed","template":"","meta":[],"_links":{"self":[{"href":"http:\/\/ceced.fr\/index.php?rest_route=\/wp\/v2\/pages\/199"}],"collection":[{"href":"http:\/\/ceced.fr\/index.php?rest_route=\/wp\/v2\/pages"}],"about":[{"href":"http:\/\/ceced.fr\/index.php?rest_route=\/wp\/v2\/types\/page"}],"author":[{"embeddable":true,"href":"http:\/\/ceced.fr\/index.php?rest_route=\/wp\/v2\/users\/3"}],"replies":[{"embeddable":true,"href":"http:\/\/ceced.fr\/index.php?rest_route=%2Fwp%2Fv2%2Fcomments&post=199"}],"version-history":[{"count":10,"href":"http:\/\/ceced.fr\/index.php?rest_route=\/wp\/v2\/pages\/199\/revisions"}],"predecessor-version":[{"id":740,"href":"http:\/\/ceced.fr\/index.php?rest_route=\/wp\/v2\/pages\/199\/revisions\/740"}],"wp:attachment":[{"href":"http:\/\/ceced.fr\/index.php?rest_route=%2Fwp%2Fv2%2Fmedia&parent=199"}],"curies":[{"name":"wp","href":"https:\/\/api.w.org\/{rel}","templated":true}]}}