{"id":122,"date":"2018-02-06T14:18:58","date_gmt":"2018-02-06T13:18:58","guid":{"rendered":"http:\/\/www.mgps.eu\/ceced\/?page_id=122"},"modified":"2023-05-15T14:04:35","modified_gmt":"2023-05-15T13:04:35","slug":"nouvelles-publications-de-nos-collegues","status":"publish","type":"page","link":"http:\/\/ceced.fr\/?page_id=122","title":{"rendered":"Nouvelles publications de nos membres"},"content":{"rendered":"\n<pre class=\"wp-block-preformatted\"><a href=\"https:\/\/pubmed.ncbi.nlm.nih.gov\/33188295\/\">The atypical cadherin MUCDHL antagonizes colon cancer formation and inhibits oncogenic signaling through multiple mechanisms.<\/a> Marine Beck, Mathilde Baranger, Ahlam Moufok-Sadoun, Emilie Bersuder, Isabelle Hinkel, Georg Mellitzer, Elisabeth Martin, Laetitia Marisa, Isabelle Duluc, Aurelien de Reynies, Christian Gaiddon, Jean-Noel Freund, Isabelle Gross. Oncogene. 2021 Jan;40(3):522-535.\n\n<a href=\"https:\/\/pubmed.ncbi.nlm.nih.gov\/34759958\/\">A Core Response to the CDX2 Homeoprotein During Development and in Pathologies.<\/a> Victor Gourain, Isabelle Duluc, Claire Domon-Dell, Jean-No\u00ebl Freund. Front Genet. 2021 Oct 25;12:744165\n\n<a href=\"https:\/\/pubmed.ncbi.nlm.nih.gov\/35051860\/\">CDX2 controls genes involved in the metabolism of 5-fluorouracil and is associated with reduced efficacy of chemotherapy in colorectal cancer.<\/a> Jean-Baptiste Delhorme, Emilie Bersuder, Chlo\u00e9 Terciolo, Ourania Vlami, Marie-Pierrette Chenard, Elisabeth Martin, Serge Rohr, C\u00e9cile Brigand, Isabelle Duluc, Jean-No\u00ebl Freund, Isabelle Gross.Biomed Pharmacother. 2022 Mar;147:112630.\n\n<a href=\"https:\/\/pubmed.ncbi.nlm.nih.gov\/36639541\/\">General transcription factor TAF4 antagonizes epigenetic silencing by Polycomb to maintain intestine stem cell functions. <\/a>Susanna S\u00e4is\u00e4-Borreill, Guillaume Davidson, Thomas Kleiber, Andr\u00e9a Thevenot, Elisabeth Martin, Stanislas Mondot, Herv\u00e9 Blotti\u00e8re, Alexandra Helleux, Gabrielle Mengus, Michelina Plateroti, Isabelle Duluc, Irwin Davidson, Jean-Noel Freund. \nCell Death Differ. 2023 Mar;30(3):839-853.\n\n<a href=\"https:\/\/pubmed.ncbi.nlm.nih.gov\/35001913\/\">Circulating Tumor Cell Lines: an Innovative Tool for Fundamental and Translational Research.<\/a> Guillaume Belthier, Zeinab Homayed, C\u00e9line Bouclier, Muriel Asari, Julie Pannequin. \nJ Vis Exp. 2021 Dec 25;(178).\n\n<a href=\"https:\/\/pubmed.ncbi.nlm.nih.gov\/34638450\/\">CD44v6 Defines a New Population of Circulating Tumor Cells Not Expressing EpCAM.<\/a> Guillaume Belthier, Zeinab Homayed, Fanny Grillet, Christophe Duperray, Julie Vendrell, Ilona Krol, Sophie Bravo, Jean-Christophe Boyer, Olivia Villeronce, Jihane Vitre-Boubaker, Diana Heaug-Wane, Fran\u00e7oise Macari-Fine, Jai Smith, Matthieu Merlot, G\u00e9rald Lossaint, Thibault Mazard, Fabienne Portales, J\u00e9r\u00f4me Solassol, Marc Ychou, Nicola Aceto, Emilie Mamessier, Fran\u00e7ois Bertucci, Jean Marc Pascussi, Emmanuelle Samalin, Fr\u00e9d\u00e9ric Hollande, Julie Pannequin. Cancers (Basel) 2021 Oct 2;13(19):4966. \n\n<a href=\"https:\/\/pubmed.ncbi.nlm.nih.gov\/35543624\/\">Paracrine signalling between intestinal epithelial and tumour cells induces a regenerative programme.<\/a> Guillaume Jacquemin, Annabelle Wurmser, Mathilde Huyghe, Wenjie Sun, Zeinab Homayed, Candice Merle, Meghan Perkins, Fairouz Qasrawi, Sophie Richon, Florent Dingli, Guillaume Arras, Damarys Loew, Danijela Vignjevic, Julie Pannequin, Silvia Fre. Elife. 2022 May 11;11:e76541.\n\n<a href=\"http:\/\/Oncogene  . 2022 Feb;41(7):960-970.\">Regulation of Src tumor activity by its N-terminal intrinsically disordered region.<\/a> Emilie Aponte, Marie Lafitte, Audrey Sirvent, Val\u00e9rie Simon, Maud Barbery, Elise Fourgous, Yvan Boublik, Mariano Maffei, Florence Arman, Romain Hamelin, Julie Pannequin, Philippe Fort, Miquel Pons, Serge Roche. Oncogene. 2022 Feb;41(7):960-970.\n\n<a href=\"https:\/\/www.frontiersin.org\/articles\/10.3389\/fcimb.2023.1023441\/full\">Fecal microbiota transplantation in a rodent model of short bowel syndrome: A therapeutic approach?<\/a> Fourati S, Dumay A, Roy M, Willemetz A, Ribeiro-Parenti L, Mauras A, Mayeur C, Thomas M, Kapel N, Joly F, Le Gall M, Bado A and Le Beyec J (2023).Front. Cell. Infect. Microbiol.  3:1023441.\n\n<a href=\"https:\/\/link.springer.com\/book\/10.1007\/978-3-031-26322-4\">Metabolism of Alimentary Compounds by the Intestinal Microbiota and Health<\/a>. Fran\u00e7ois Blachier. Editeur Springer. Le livre est disponible en version \u00e9lectronique sur Springer Link, Amazon, Google books, FNAC etc. La version papier sera disponible d\u00e9but juin 2023 sur ces m\u00eames sites.\n\nAssessment of Dendrigrafts of P<a href=\"https:\/\/pubs.acs.org\/doi\/10.1021\/acsapm.1c01354\">oly-l-lysine Cytotoxicity and Cell Penetration in Cancer Cells.<\/a> Fabien Granier, S\u00e9bastien Marie, Zahra Al Amir Dache, Julien Aityaya, Thibault Mazard, Laurent Garrelly, and Corinne Pr\u00e9vostel. ACS Appl. Polym. Mater. 2022, 4, 2, 908\u2013919. https:\/\/pubs.acs.org\/doi\/10.1021\/acsapm.1c01354.\n\n<a href=\"https:\/\/pubmed-ncbi-nlm-nih-gov.proxy.insermbiblio.inist.fr\/36792801\/\">A straightforward method to quantify circulating mRNAs as biomarkers of colorectal cancer.<\/a> Grosgeorges M, Picque Lasorsa L, Pastor B, Pr\u00e9vostel C, Crapez E, Sanchez C, Frayssinoux F, Jarlier M, Pezzella V, Monard L, Ychou M, Thierry AR, Mazard T, Blache P. Sci Rep. 2023 Feb 15;13(1):2739.doi:10.1038\/s41598-023-29948-4.\n\n<a class=\"docsum-title\" data-ga-category=\"result_click\" data-ga-action=\"1\" data-ga-label=\"34206767\" data-full-article-url=\"from_term=blache+p&amp;from_sort=date&amp;from_pos=1\" data-article-id=\"34206767\" href=\"https:\/\/pubmed-ncbi-nlm-nih-gov.proxy.insermbiblio.inist.fr\/34206767\/\">RIP140 Represses Intestinal Paneth Cell Differentiation and Interplays with SOX9 Signaling in Colorectal Cancer.<\/a> <span class=\"docsum-authors full-authors\">Gleizes A, Triki M, Bonnet S, Baccari N, Jimenez-Dominguez G, Covinhes A, Pirot N, Blache P, Yuan R, Gy\u0151rffy B, Cavaill\u00e8s V, Lapierre M.<\/span> <span class=\"full-journal-citation docsum-journal-citation\">Cancers (Basel). 2021 Jun 26;13(13):3192. doi: 10.3390\/cancers13133192. <\/span><\/pre>\n\n\n\n<pre class=\"wp-block-preformatted\"><a href=\"https:\/\/pubmed.ncbi.nlm.nih.gov\/?term=Menard%20S%20Toulouse&amp;sort=pubdate&amp;size=50\">Revisiting definition and assessment of intestinal trans-epithelial passage.<\/a> Ilchmann-Diounou H, Buleon M, Bacquie V, Theodorou V, Denis C, Menard S. Cell Mol Life Sci. 2021 Nov 3. doi: 10.1007\/s00018-021-04000-8. Online ahead of print. <\/pre>\n\n\n\n<pre class=\"wp-block-preformatted\"><a class=\"docsum-title\" data-ga-category=\"result_click\" data-ga-action=\"1\" data-ga-label=\"32238208\" data-full-article-url=\"from_term=blottiere+HM&amp;from_sort=pubdate&amp;from_size=50&amp;from_pos=1\" data-article-id=\"32238208\" href=\"https:\/\/pubmed.ncbi.nlm.nih.gov\/32238208\/\">SCFA: mechanisms and functional importance in the gut.<\/a><span class=\"docsum-authors full-authors\"> Martin-Gallausiaux C, Marinelli L, Blotti\u00e8re HM, Larraufie P, Lapaque N.Proc Nutr Soc. 2021 Feb;80(1):37-49. doi: 10.1017\/S0029665120006916. Epub 2020 Apr 2.PMID: <span class=\"docsum-pmid\">32238208<\/span><\/span> <span class=\"free-resources spaced-citation-item citation-part\">Free article.<\/span> <span class=\"publication-type spaced-citation-item citation-part\">Review.<\/span><\/pre>\n\n\n\n<pre class=\"wp-block-preformatted docsum-wrap\"><a class=\"docsum-title\" href=\"https:\/\/pubmed.ncbi.nlm.nih.gov\/33477939\/\" data-ga-category=\"result_click\" data-ga-action=\"2\" data-ga-label=\"33477939\" data-full-article-url=\"from_term=blottiere+HM&amp;from_sort=pubdate&amp;from_size=50&amp;from_pos=2\" data-article-id=\"33477939\">Fecal Microbiota Transplant from Human to Mice Gives Insights into the Role of the Gut Microbiota in Non-Alcoholic Fatty Liver Disease (NAFLD).<\/a><span class=\"docsum-authors full-authors\"> Burz SD, Monnoye M, Philippe C, Farin W, Ratziu V, Strozzi F, Paillarse JM, Ch\u00eane L, <b>Blotti\u00e8re HM<\/b>, G\u00e9rard P.<\/span><span class=\"docsum-journal-citation full-journal-citation\">Microorganisms. 2021 Jan 19;9(1):199. <\/span><\/pre>\n\n\n\n<pre class=\"wp-block-preformatted\"><a class=\"docsum-title\" data-ga-category=\"result_click\" data-ga-action=\"1\" data-ga-label=\"33548298\" data-full-article-url=\"from_sort=date&amp;from_term=Pr%C3%A9vostel+C&amp;from_cauthor_id=31092563&amp;from_pos=1\" data-article-id=\"33548298\" href=\"https:\/\/pubmed-ncbi-nlm-nih-gov.proxy.insermbiblio.inist.fr\/33548298\/\">Prenatal exposure to low doses of fungicides corrupts neurogenesis in neonates. <\/a><span class=\"docsum-authors full-authors\">Wang Y, Lafon PA, Salvador-Prince L, Gines AR, Trousse F, Torrent J, Prevostel C, Crozet C, Liu J, Perrier V.<\/span> <span class=\"full-journal-citation docsum-journal-citation\">Environ Res. 2021 Apr;195:110829. doi: 10.1016\/j.envres.2021.110829. Epub 2021 Feb 4.<\/span> <\/pre>\n\n\n\n<pre class=\"wp-block-preformatted\"><a class=\"docsum-title\" data-ga-category=\"result_click\" data-ga-action=\"2\" data-ga-label=\"33571170\" data-full-article-url=\"from_term=blache+p&amp;from_sort=date&amp;from_pos=2\" data-article-id=\"33571170\" href=\"https:\/\/pubmed-ncbi-nlm-nih-gov.proxy.insermbiblio.inist.fr\/33571170\/\">Circulating nuclear DNA structural features, origins, and complete size profile revealed by fragmentomics.<\/a><span class=\"docsum-authors full-authors\"> Sanchez C, Roch B, Mazard T, Blache P, Dache ZAA, Pastor B, Pisareva E, Tanos R, Thierry AR.<\/span> <span class=\"full-journal-citation docsum-journal-citation\">JCI Insight. 2021 Apr 8;6(7):e144561. doi: 10.1172\/jci.insight.144561. <\/span><\/pre>\n\n\n\n<pre class=\"wp-block-preformatted\"><span class=\"full-journal-citation docsum-journal-citation\"><a class=\"docsum-title\" data-ga-category=\"result_click\" data-ga-action=\"2\" data-ga-label=\"31957088\" data-full-article-url=\"from_sort=date&amp;from_term=Pr%C3%A9vostel+C&amp;from_cauthor_id=31092563&amp;from_pos=2\" data-article-id=\"31957088\" href=\"https:\/\/pubmed-ncbi-nlm-nih-gov.proxy.insermbiblio.inist.fr\/31957088\/\">Blood contains circulating cell-free respiratory competent mitochondria. <\/a>Al Amir Dache Z, Otandault A, Tanos R, Pastor B, Meddeb R, Sanchez C, Arena G, Lasorsa L, Bennett A, Grange T, El Messaoudi S, Mazard T, Prevostel C, Thierry AR. FASEB J. 2020 Mar;34(3):3616-3630. doi: 10.1096\/fj.201901917RR. <\/span><\/pre>\n\n\n\n<pre class=\"wp-block-preformatted\"><span class=\"full-journal-citation docsum-journal-citation\"><a class=\"docsum-title\" data-ga-category=\"result_click\" data-ga-action=\"3\" data-ga-label=\"33158453\" data-full-article-url=\"from_term=blottiere+HM&amp;from_sort=pubdate&amp;from_size=50&amp;from_pos=3\" data-article-id=\"33158453\" href=\"https:\/\/pubmed.ncbi.nlm.nih.gov\/33158453\/\">Alternative stable states in the intestinal ecosystem: proof of concept in a rat model and a perspective of therapeutic implications.<\/a>Van de Guchte M, Burz SD, Cadiou J, Wu J, Mondot S, Blotti\u00e8re HM, Dor\u00e9 J.Microbiome. 2020 Nov 6;8(1):153. doi: 10.1186\/s40168-020-00933-7.PMID: <span class=\"docsum-pmid\">33158453<\/span><\/span> <span class=\"free-resources spaced-citation-item citation-part\">Free PMC article.<\/span> <\/pre>\n\n\n\n<pre class=\"wp-block-preformatted\"><a class=\"docsum-title\" data-ga-category=\"result_click\" data-ga-action=\"3\" data-ga-label=\"31929518\" data-full-article-url=\"from_sort=date&amp;from_term=Pr%C3%A9vostel+C&amp;from_cauthor_id=31092563&amp;from_pos=3\" data-article-id=\"31929518\" href=\"https:\/\/pubmed-ncbi-nlm-nih-gov.proxy.insermbiblio.inist.fr\/31929518\/\">Hypoxia differently modulates the release of mitochondrial and nuclear DNA. <\/a><span class=\"docsum-authors full-authors\">Otandault A, Abraham JD, Al Amir Dache Z, Khalyfa A, Jariel-Encontre I, Forn\u00e9 T, Pr\u00e9vostel C, Chouaib S, Gozal D, Thierry AR.<\/span> <span class=\"full-journal-citation docsum-journal-citation\">Br J Cancer. 2020 Mar;122(5):715-725. doi: 10.1038\/s41416-019-0716-y. Epub 2020 Jan 13.<\/span> <\/pre>\n\n\n\n<pre class=\"wp-block-preformatted\"><span class=\"full-journal-citation docsum-journal-citation\"><a class=\"docsum-title\" data-ga-category=\"result_click\" data-ga-action=\"3\" data-ga-label=\"31109112\" data-full-article-url=\"from_term=blache+p&amp;from_sort=date&amp;from_pos=3\" data-article-id=\"31109112\" href=\"https:\/\/pubmed-ncbi-nlm-nih-gov.proxy.insermbiblio.inist.fr\/31109112\/\">Modulating PKC\u03b1 Activity to Target Wnt\/\u03b2-Catenin Signaling in Colon Cancer. <\/a>Dupasquier S, Blache P, Picque Lasorsa L, Zhao H, Abraham JD, Haigh JJ, Ychou M, Pr\u00e9vostel C.<\/span> <span class=\"full-journal-citation docsum-journal-citation\">Cancers (Basel). 2019 May 18;11(5):693. doi: 10.3390\/cancers11050693. <\/span><\/pre>\n\n\n\n<pre class=\"wp-block-preformatted\"><span class=\"full-journal-citation docsum-journal-citation\"><a class=\"docsum-title\" data-ga-category=\"result_click\" data-ga-action=\"4\" data-ga-label=\"31092563\" data-full-article-url=\"from_term=blache+p&amp;from_sort=date&amp;from_pos=4\" data-article-id=\"31092563\" href=\"https:\/\/pubmed-ncbi-nlm-nih-gov.proxy.insermbiblio.inist.fr\/31092563\/\">A Short SOX9 Peptide Mimics SOX9 Tumor Suppressor Activity and Is Sufficient to Inhibit Colon Cancer Cell Growth.<\/a> Blache P, Canterel-Thouennon L, Busson M, Verdi\u00e9 P, Subra G, Ychou M, Pr\u00e9vostel C.<\/span> <span class=\"full-journal-citation docsum-journal-citation\">Mol Cancer Ther. 2019 Aug;18(8):1386-1395. doi: 10.1158\/1535-7163.MCT-18-1149. Epub 2019 May 15.<\/span><\/pre>\n\n\n\n<pre class=\"wp-block-preformatted\"><a href=\"https:\/\/www.ncbi.nlm.nih.gov\/pubmed\/30804678\">Beneficial effects of <i>Saccharomyces boulardii<\/i> CNCM I-745 on clinical disorders associated with intestinal barrier disruption. <\/a>Terciolo C, Dapoigny M, Andre F. <span class=\"jrnl\" title=\"Clinical and experimental gastroenterology\">Clin Exp Gastroenterol<\/span>. 2019 Feb 11;12:67-82. doi: 10.2147\/CEG.S181590. eCollection 2019. Review.<\/pre>\n\n\n\n<pre class=\"wp-block-preformatted\"><a href=\"https:\/\/www.ncbi.nlm.nih.gov\/pubmed\/30914716\">Quantifying circulating cell-free DNA in humans. <\/a>Meddeb R, Dache ZAA, Thezenas S, Otandault A, Tanos R, Pastor B, Sanchez C, Azzi J, Tousch G, Azan S, Mollevi C, Adenis A, El Messaoudi S, Blache P, Thierry AR.<span class=\"jrnl\" title=\"Scientific reports\">Sci Rep<\/span>. 2019 Mar 26;9(1):5220. doi: 10.1038\/s41598-019-41593-4.<\/pre>\n\n\n\n<pre class=\"wp-block-preformatted details\"><a href=\"https:\/\/www.ncbi.nlm.nih.gov\/pubmed\/30679727\">Identification of the novel role of butyrate as AhR ligand in human intestinal epithelial cells. <\/a>Marinelli L, Martin-Gallausiaux C, Bourhis JM, B\u00e9guet-Crespel F, Blotti\u00e8re HM, Lapaque N. <span class=\"jrnl\" title=\"Scientific reports\">Sci Rep<\/span>. 2019 Jan 24;9(1):643. doi: 10.1038\/s41598-018-37019-2.<\/pre>\n\n\n\n<p><\/p>\n","protected":false},"excerpt":{"rendered":"<p>The atypical cadherin MUCDHL antagonizes colon cancer formation and inhibits oncogenic signaling through multiple mechanisms. Marine Beck, Mathilde Baranger, Ahlam Moufok-Sadoun, Emilie Bersuder, Isabelle Hinkel, Georg Mellitzer, Elisabeth Martin, Laetitia Marisa, Isabelle Duluc, Aurelien de Reynies, Christian Gaiddon, Jean-Noel Freund, Isabelle Gross. Oncogene. 2021 Jan;40(3):522-535. A Core Response to the CDX2 Homeoprotein During Development and [&hellip;]<\/p>\n","protected":false},"author":3,"featured_media":0,"parent":0,"menu_order":0,"comment_status":"closed","ping_status":"open","template":"","meta":[],"_links":{"self":[{"href":"http:\/\/ceced.fr\/index.php?rest_route=\/wp\/v2\/pages\/122"}],"collection":[{"href":"http:\/\/ceced.fr\/index.php?rest_route=\/wp\/v2\/pages"}],"about":[{"href":"http:\/\/ceced.fr\/index.php?rest_route=\/wp\/v2\/types\/page"}],"author":[{"embeddable":true,"href":"http:\/\/ceced.fr\/index.php?rest_route=\/wp\/v2\/users\/3"}],"replies":[{"embeddable":true,"href":"http:\/\/ceced.fr\/index.php?rest_route=%2Fwp%2Fv2%2Fcomments&post=122"}],"version-history":[{"count":46,"href":"http:\/\/ceced.fr\/index.php?rest_route=\/wp\/v2\/pages\/122\/revisions"}],"predecessor-version":[{"id":388,"href":"http:\/\/ceced.fr\/index.php?rest_route=\/wp\/v2\/pages\/122\/revisions\/388"}],"wp:attachment":[{"href":"http:\/\/ceced.fr\/index.php?rest_route=%2Fwp%2Fv2%2Fmedia&parent=122"}],"curies":[{"name":"wp","href":"https:\/\/api.w.org\/{rel}","templated":true}]}}